{"id":10,"date":"2023-05-16T14:53:22","date_gmt":"2023-05-16T14:53:22","guid":{"rendered":"http:\/\/od-do.eu\/si\/?page_id=10"},"modified":"2025-03-11T20:34:22","modified_gmt":"2025-03-11T20:34:22","slug":"storitve","status":"publish","type":"page","link":"https:\/\/od-do.eu\/si\/storitve\/","title":{"rendered":"Storitve"},"content":{"rendered":"","protected":false},"excerpt":{"rendered":"","protected":false},"author":1,"featured_media":0,"parent":0,"menu_order":0,"comment_status":"closed","ping_status":"closed","template":"template-expertise.php","meta":{"inline_featured_image":false,"footnotes":""},"yoast_head":"<!-- This site is optimized with the Yoast SEO plugin v23.0 - https:\/\/yoast.com\/wordpress\/plugins\/seo\/ -->\n<title>Storitve | Od-do arhitektura<\/title>\n<meta name=\"description\" content=\"Razi\u0161\u010dite storitve podjetja od-do arhitektura obsegajo\u010d oblikovanje posameznih arhitekturnih objektov, urbanisti\u010dno na\u010drtovanje in notranje oblikovanje.\" \/>\n<meta name=\"robots\" content=\"index, follow, max-snippet:-1, max-image-preview:large, max-video-preview:-1\" \/>\n<link rel=\"canonical\" href=\"https:\/\/od-do.eu\/si\/storitve\/\" \/>\n<meta property=\"og:locale\" content=\"sl_SI\" \/>\n<meta property=\"og:type\" content=\"article\" \/>\n<meta property=\"og:title\" content=\"Storitve | Od-do arhitektura\" \/>\n<meta property=\"og:description\" content=\"Razi\u0161\u010dite storitve podjetja od-do arhitektura obsegajo\u010d oblikovanje posameznih arhitekturnih objektov, urbanisti\u010dno na\u010drtovanje in notranje oblikovanje.\" \/>\n<meta property=\"og:url\" content=\"https:\/\/od-do.eu\/si\/storitve\/\" \/>\n<meta property=\"og:site_name\" content=\"Od-do arhitektura SI\" \/>\n<meta property=\"article:modified_time\" content=\"2025-03-11T20:34:22+00:00\" \/>\n<meta name=\"twitter:card\" content=\"summary_large_image\" \/>\n<script type=\"application\/ld+json\" class=\"yoast-schema-graph\">{\"@context\":\"https:\/\/schema.org\",\"@graph\":[{\"@type\":\"WebPage\",\"@id\":\"https:\/\/od-do.eu\/si\/storitve\/\",\"url\":\"https:\/\/od-do.eu\/si\/storitve\/\",\"name\":\"Storitve | Od-do arhitektura\",\"isPartOf\":{\"@id\":\"https:\/\/od-do.eu\/si\/#website\"},\"datePublished\":\"2023-05-16T14:53:22+00:00\",\"dateModified\":\"2025-03-11T20:34:22+00:00\",\"description\":\"Razi\u0161\u010dite storitve podjetja od-do arhitektura obsegajo\u010d oblikovanje posameznih arhitekturnih objektov, urbanisti\u010dno na\u010drtovanje in notranje oblikovanje.\",\"breadcrumb\":{\"@id\":\"https:\/\/od-do.eu\/si\/storitve\/#breadcrumb\"},\"inLanguage\":\"sl-SI\",\"potentialAction\":[{\"@type\":\"ReadAction\",\"target\":[\"https:\/\/od-do.eu\/si\/storitve\/\"]}]},{\"@type\":\"BreadcrumbList\",\"@id\":\"https:\/\/od-do.eu\/si\/storitve\/#breadcrumb\",\"itemListElement\":[{\"@type\":\"ListItem\",\"position\":1,\"name\":\"Home\",\"item\":\"https:\/\/od-do.eu\/si\/\"},{\"@type\":\"ListItem\",\"position\":2,\"name\":\"Storitve\"}]},{\"@type\":\"WebSite\",\"@id\":\"https:\/\/od-do.eu\/si\/#website\",\"url\":\"https:\/\/od-do.eu\/si\/\",\"name\":\"Od-do arhitektura SI\",\"description\":\"Arhitekturni biro\",\"potentialAction\":[{\"@type\":\"SearchAction\",\"target\":{\"@type\":\"EntryPoint\",\"urlTemplate\":\"https:\/\/od-do.eu\/si\/?s={search_term_string}\"},\"query-input\":\"required name=search_term_string\"}],\"inLanguage\":\"sl-SI\"}]}<\/script>\n<!-- \/ Yoast SEO plugin. -->","yoast_head_json":{"title":"Storitve | Od-do arhitektura","description":"Razi\u0161\u010dite storitve podjetja od-do arhitektura obsegajo\u010d oblikovanje posameznih arhitekturnih objektov, urbanisti\u010dno na\u010drtovanje in notranje oblikovanje.","robots":{"index":"index","follow":"follow","max-snippet":"max-snippet:-1","max-image-preview":"max-image-preview:large","max-video-preview":"max-video-preview:-1"},"canonical":"https:\/\/od-do.eu\/si\/storitve\/","og_locale":"sl_SI","og_type":"article","og_title":"Storitve | Od-do arhitektura","og_description":"Razi\u0161\u010dite storitve podjetja od-do arhitektura obsegajo\u010d oblikovanje posameznih arhitekturnih objektov, urbanisti\u010dno na\u010drtovanje in notranje oblikovanje.","og_url":"https:\/\/od-do.eu\/si\/storitve\/","og_site_name":"Od-do arhitektura SI","article_modified_time":"2025-03-11T20:34:22+00:00","twitter_card":"summary_large_image","schema":{"@context":"https:\/\/schema.org","@graph":[{"@type":"WebPage","@id":"https:\/\/od-do.eu\/si\/storitve\/","url":"https:\/\/od-do.eu\/si\/storitve\/","name":"Storitve | Od-do arhitektura","isPartOf":{"@id":"https:\/\/od-do.eu\/si\/#website"},"datePublished":"2023-05-16T14:53:22+00:00","dateModified":"2025-03-11T20:34:22+00:00","description":"Razi\u0161\u010dite storitve podjetja od-do arhitektura obsegajo\u010d oblikovanje posameznih arhitekturnih objektov, urbanisti\u010dno na\u010drtovanje in notranje oblikovanje.","breadcrumb":{"@id":"https:\/\/od-do.eu\/si\/storitve\/#breadcrumb"},"inLanguage":"sl-SI","potentialAction":[{"@type":"ReadAction","target":["https:\/\/od-do.eu\/si\/storitve\/"]}]},{"@type":"BreadcrumbList","@id":"https:\/\/od-do.eu\/si\/storitve\/#breadcrumb","itemListElement":[{"@type":"ListItem","position":1,"name":"Home","item":"https:\/\/od-do.eu\/si\/"},{"@type":"ListItem","position":2,"name":"Storitve"}]},{"@type":"WebSite","@id":"https:\/\/od-do.eu\/si\/#website","url":"https:\/\/od-do.eu\/si\/","name":"Od-do arhitektura SI","description":"Arhitekturni biro","potentialAction":[{"@type":"SearchAction","target":{"@type":"EntryPoint","urlTemplate":"https:\/\/od-do.eu\/si\/?s={search_term_string}"},"query-input":"required name=search_term_string"}],"inLanguage":"sl-SI"}]}},"_links":{"self":[{"href":"https:\/\/od-do.eu\/si\/wp-json\/wp\/v2\/pages\/10"}],"collection":[{"href":"https:\/\/od-do.eu\/si\/wp-json\/wp\/v2\/pages"}],"about":[{"href":"https:\/\/od-do.eu\/si\/wp-json\/wp\/v2\/types\/page"}],"author":[{"embeddable":true,"href":"https:\/\/od-do.eu\/si\/wp-json\/wp\/v2\/users\/1"}],"replies":[{"embeddable":true,"href":"https:\/\/od-do.eu\/si\/wp-json\/wp\/v2\/comments?post=10"}],"version-history":[{"count":19,"href":"https:\/\/od-do.eu\/si\/wp-json\/wp\/v2\/pages\/10\/revisions"}],"predecessor-version":[{"id":2992,"href":"https:\/\/od-do.eu\/si\/wp-json\/wp\/v2\/pages\/10\/revisions\/2992"}],"wp:attachment":[{"href":"https:\/\/od-do.eu\/si\/wp-json\/wp\/v2\/media?parent=10"}],"curies":[{"name":"wp","href":"https:\/\/api.w.org\/{rel}","templated":true}]}}