{"id":14,"date":"2023-05-16T14:54:07","date_gmt":"2023-05-16T14:54:07","guid":{"rendered":"http:\/\/od-do.eu\/si\/?page_id=14"},"modified":"2024-11-04T13:56:15","modified_gmt":"2024-11-04T13:56:15","slug":"bim","status":"publish","type":"page","link":"https:\/\/od-do.eu\/si\/bim\/","title":{"rendered":"BIM projektiranje"},"content":{"rendered":"","protected":false},"excerpt":{"rendered":"","protected":false},"author":1,"featured_media":0,"parent":0,"menu_order":0,"comment_status":"closed","ping_status":"closed","template":"template-bim.php","meta":{"inline_featured_image":false,"footnotes":""},"yoast_head":"<!-- This site is optimized with the Yoast SEO plugin v23.0 - https:\/\/yoast.com\/wordpress\/plugins\/seo\/ -->\n<title>BIM projektiranje | Od-do arhitektura<\/title>\n<meta name=\"description\" content=\"V od-do arhitektura uporabljamo BIM projektiranje za optimizacijo gradnje. Odkrijte, kako BIM izbolj\u0161uje u\u010dinkovitost in zmanj\u0161uje tveganja gradnje.\" \/>\n<meta name=\"robots\" content=\"index, follow, max-snippet:-1, max-image-preview:large, max-video-preview:-1\" \/>\n<link rel=\"canonical\" href=\"https:\/\/od-do.eu\/si\/bim\/\" \/>\n<meta property=\"og:locale\" content=\"sl_SI\" \/>\n<meta property=\"og:type\" content=\"article\" \/>\n<meta property=\"og:title\" content=\"BIM projektiranje | Od-do arhitektura\" \/>\n<meta property=\"og:description\" content=\"V od-do arhitektura uporabljamo BIM projektiranje za optimizacijo gradnje. Odkrijte, kako BIM izbolj\u0161uje u\u010dinkovitost in zmanj\u0161uje tveganja gradnje.\" \/>\n<meta property=\"og:url\" content=\"https:\/\/od-do.eu\/si\/bim\/\" \/>\n<meta property=\"og:site_name\" content=\"Od-do arhitektura SI\" \/>\n<meta property=\"article:modified_time\" content=\"2024-11-04T13:56:15+00:00\" \/>\n<meta name=\"twitter:card\" content=\"summary_large_image\" \/>\n<script type=\"application\/ld+json\" class=\"yoast-schema-graph\">{\"@context\":\"https:\/\/schema.org\",\"@graph\":[{\"@type\":\"WebPage\",\"@id\":\"https:\/\/od-do.eu\/si\/bim\/\",\"url\":\"https:\/\/od-do.eu\/si\/bim\/\",\"name\":\"BIM projektiranje | Od-do arhitektura\",\"isPartOf\":{\"@id\":\"https:\/\/od-do.eu\/si\/#website\"},\"datePublished\":\"2023-05-16T14:54:07+00:00\",\"dateModified\":\"2024-11-04T13:56:15+00:00\",\"description\":\"V od-do arhitektura uporabljamo BIM projektiranje za optimizacijo gradnje. Odkrijte, kako BIM izbolj\u0161uje u\u010dinkovitost in zmanj\u0161uje tveganja gradnje.\",\"breadcrumb\":{\"@id\":\"https:\/\/od-do.eu\/si\/bim\/#breadcrumb\"},\"inLanguage\":\"sl-SI\",\"potentialAction\":[{\"@type\":\"ReadAction\",\"target\":[\"https:\/\/od-do.eu\/si\/bim\/\"]}]},{\"@type\":\"BreadcrumbList\",\"@id\":\"https:\/\/od-do.eu\/si\/bim\/#breadcrumb\",\"itemListElement\":[{\"@type\":\"ListItem\",\"position\":1,\"name\":\"Home\",\"item\":\"https:\/\/od-do.eu\/si\/\"},{\"@type\":\"ListItem\",\"position\":2,\"name\":\"BIM projektiranje\"}]},{\"@type\":\"WebSite\",\"@id\":\"https:\/\/od-do.eu\/si\/#website\",\"url\":\"https:\/\/od-do.eu\/si\/\",\"name\":\"Od-do arhitektura SI\",\"description\":\"Arhitekturni biro\",\"potentialAction\":[{\"@type\":\"SearchAction\",\"target\":{\"@type\":\"EntryPoint\",\"urlTemplate\":\"https:\/\/od-do.eu\/si\/?s={search_term_string}\"},\"query-input\":\"required name=search_term_string\"}],\"inLanguage\":\"sl-SI\"}]}<\/script>\n<!-- \/ Yoast SEO plugin. -->","yoast_head_json":{"title":"BIM projektiranje | Od-do arhitektura","description":"V od-do arhitektura uporabljamo BIM projektiranje za optimizacijo gradnje. Odkrijte, kako BIM izbolj\u0161uje u\u010dinkovitost in zmanj\u0161uje tveganja gradnje.","robots":{"index":"index","follow":"follow","max-snippet":"max-snippet:-1","max-image-preview":"max-image-preview:large","max-video-preview":"max-video-preview:-1"},"canonical":"https:\/\/od-do.eu\/si\/bim\/","og_locale":"sl_SI","og_type":"article","og_title":"BIM projektiranje | Od-do arhitektura","og_description":"V od-do arhitektura uporabljamo BIM projektiranje za optimizacijo gradnje. Odkrijte, kako BIM izbolj\u0161uje u\u010dinkovitost in zmanj\u0161uje tveganja gradnje.","og_url":"https:\/\/od-do.eu\/si\/bim\/","og_site_name":"Od-do arhitektura SI","article_modified_time":"2024-11-04T13:56:15+00:00","twitter_card":"summary_large_image","schema":{"@context":"https:\/\/schema.org","@graph":[{"@type":"WebPage","@id":"https:\/\/od-do.eu\/si\/bim\/","url":"https:\/\/od-do.eu\/si\/bim\/","name":"BIM projektiranje | Od-do arhitektura","isPartOf":{"@id":"https:\/\/od-do.eu\/si\/#website"},"datePublished":"2023-05-16T14:54:07+00:00","dateModified":"2024-11-04T13:56:15+00:00","description":"V od-do arhitektura uporabljamo BIM projektiranje za optimizacijo gradnje. Odkrijte, kako BIM izbolj\u0161uje u\u010dinkovitost in zmanj\u0161uje tveganja gradnje.","breadcrumb":{"@id":"https:\/\/od-do.eu\/si\/bim\/#breadcrumb"},"inLanguage":"sl-SI","potentialAction":[{"@type":"ReadAction","target":["https:\/\/od-do.eu\/si\/bim\/"]}]},{"@type":"BreadcrumbList","@id":"https:\/\/od-do.eu\/si\/bim\/#breadcrumb","itemListElement":[{"@type":"ListItem","position":1,"name":"Home","item":"https:\/\/od-do.eu\/si\/"},{"@type":"ListItem","position":2,"name":"BIM projektiranje"}]},{"@type":"WebSite","@id":"https:\/\/od-do.eu\/si\/#website","url":"https:\/\/od-do.eu\/si\/","name":"Od-do arhitektura SI","description":"Arhitekturni biro","potentialAction":[{"@type":"SearchAction","target":{"@type":"EntryPoint","urlTemplate":"https:\/\/od-do.eu\/si\/?s={search_term_string}"},"query-input":"required name=search_term_string"}],"inLanguage":"sl-SI"}]}},"_links":{"self":[{"href":"https:\/\/od-do.eu\/si\/wp-json\/wp\/v2\/pages\/14"}],"collection":[{"href":"https:\/\/od-do.eu\/si\/wp-json\/wp\/v2\/pages"}],"about":[{"href":"https:\/\/od-do.eu\/si\/wp-json\/wp\/v2\/types\/page"}],"author":[{"embeddable":true,"href":"https:\/\/od-do.eu\/si\/wp-json\/wp\/v2\/users\/1"}],"replies":[{"embeddable":true,"href":"https:\/\/od-do.eu\/si\/wp-json\/wp\/v2\/comments?post=14"}],"version-history":[{"count":25,"href":"https:\/\/od-do.eu\/si\/wp-json\/wp\/v2\/pages\/14\/revisions"}],"predecessor-version":[{"id":2445,"href":"https:\/\/od-do.eu\/si\/wp-json\/wp\/v2\/pages\/14\/revisions\/2445"}],"wp:attachment":[{"href":"https:\/\/od-do.eu\/si\/wp-json\/wp\/v2\/media?parent=14"}],"curies":[{"name":"wp","href":"https:\/\/api.w.org\/{rel}","templated":true}]}}