{"id":73,"date":"2023-05-17T10:32:04","date_gmt":"2023-05-17T10:32:04","guid":{"rendered":"http:\/\/od-do.eu\/si\/?page_id=73"},"modified":"2024-08-16T08:18:25","modified_gmt":"2024-08-16T08:18:25","slug":"careers","status":"publish","type":"page","link":"https:\/\/od-do.eu\/si\/careers\/","title":{"rendered":"Zaposlitev"},"content":{"rendered":"","protected":false},"excerpt":{"rendered":"","protected":false},"author":1,"featured_media":0,"parent":0,"menu_order":0,"comment_status":"closed","ping_status":"closed","template":"template-careers.php","meta":{"inline_featured_image":false,"footnotes":""},"yoast_head":"<!-- This site is optimized with the Yoast SEO plugin v23.0 - https:\/\/yoast.com\/wordpress\/plugins\/seo\/ -->\n<title>Zaposlitev | Od-do arhitektura<\/title>\n<meta name=\"description\" content=\"Razi\u0161\u010dite karierne prilo\u017enosti pri podjetju od-do arhitektura. Pridru\u017eite se nampri sodelovanju na inovativnih arhitekturnih projektih.\" \/>\n<meta name=\"robots\" content=\"index, follow, max-snippet:-1, max-image-preview:large, max-video-preview:-1\" \/>\n<link rel=\"canonical\" href=\"https:\/\/od-do.eu\/si\/careers\/\" \/>\n<meta property=\"og:locale\" content=\"sl_SI\" \/>\n<meta property=\"og:type\" content=\"article\" \/>\n<meta property=\"og:title\" content=\"Zaposlitev | Od-do arhitektura\" \/>\n<meta property=\"og:description\" content=\"Razi\u0161\u010dite karierne prilo\u017enosti pri podjetju od-do arhitektura. Pridru\u017eite se nampri sodelovanju na inovativnih arhitekturnih projektih.\" \/>\n<meta property=\"og:url\" content=\"https:\/\/od-do.eu\/si\/careers\/\" \/>\n<meta property=\"og:site_name\" content=\"Od-do arhitektura SI\" \/>\n<meta property=\"article:modified_time\" content=\"2024-08-16T08:18:25+00:00\" \/>\n<meta name=\"twitter:card\" content=\"summary_large_image\" \/>\n<script type=\"application\/ld+json\" class=\"yoast-schema-graph\">{\"@context\":\"https:\/\/schema.org\",\"@graph\":[{\"@type\":\"WebPage\",\"@id\":\"https:\/\/od-do.eu\/si\/careers\/\",\"url\":\"https:\/\/od-do.eu\/si\/careers\/\",\"name\":\"Zaposlitev | Od-do arhitektura\",\"isPartOf\":{\"@id\":\"https:\/\/od-do.eu\/si\/#website\"},\"datePublished\":\"2023-05-17T10:32:04+00:00\",\"dateModified\":\"2024-08-16T08:18:25+00:00\",\"description\":\"Razi\u0161\u010dite karierne prilo\u017enosti pri podjetju od-do arhitektura. Pridru\u017eite se nampri sodelovanju na inovativnih arhitekturnih projektih.\",\"breadcrumb\":{\"@id\":\"https:\/\/od-do.eu\/si\/careers\/#breadcrumb\"},\"inLanguage\":\"sl-SI\",\"potentialAction\":[{\"@type\":\"ReadAction\",\"target\":[\"https:\/\/od-do.eu\/si\/careers\/\"]}]},{\"@type\":\"BreadcrumbList\",\"@id\":\"https:\/\/od-do.eu\/si\/careers\/#breadcrumb\",\"itemListElement\":[{\"@type\":\"ListItem\",\"position\":1,\"name\":\"Home\",\"item\":\"https:\/\/od-do.eu\/si\/\"},{\"@type\":\"ListItem\",\"position\":2,\"name\":\"Zaposlitev\"}]},{\"@type\":\"WebSite\",\"@id\":\"https:\/\/od-do.eu\/si\/#website\",\"url\":\"https:\/\/od-do.eu\/si\/\",\"name\":\"Od-do arhitektura SI\",\"description\":\"Arhitekturni biro\",\"potentialAction\":[{\"@type\":\"SearchAction\",\"target\":{\"@type\":\"EntryPoint\",\"urlTemplate\":\"https:\/\/od-do.eu\/si\/?s={search_term_string}\"},\"query-input\":\"required name=search_term_string\"}],\"inLanguage\":\"sl-SI\"}]}<\/script>\n<!-- \/ Yoast SEO plugin. -->","yoast_head_json":{"title":"Zaposlitev | Od-do arhitektura","description":"Razi\u0161\u010dite karierne prilo\u017enosti pri podjetju od-do arhitektura. Pridru\u017eite se nampri sodelovanju na inovativnih arhitekturnih projektih.","robots":{"index":"index","follow":"follow","max-snippet":"max-snippet:-1","max-image-preview":"max-image-preview:large","max-video-preview":"max-video-preview:-1"},"canonical":"https:\/\/od-do.eu\/si\/careers\/","og_locale":"sl_SI","og_type":"article","og_title":"Zaposlitev | Od-do arhitektura","og_description":"Razi\u0161\u010dite karierne prilo\u017enosti pri podjetju od-do arhitektura. Pridru\u017eite se nampri sodelovanju na inovativnih arhitekturnih projektih.","og_url":"https:\/\/od-do.eu\/si\/careers\/","og_site_name":"Od-do arhitektura SI","article_modified_time":"2024-08-16T08:18:25+00:00","twitter_card":"summary_large_image","schema":{"@context":"https:\/\/schema.org","@graph":[{"@type":"WebPage","@id":"https:\/\/od-do.eu\/si\/careers\/","url":"https:\/\/od-do.eu\/si\/careers\/","name":"Zaposlitev | Od-do arhitektura","isPartOf":{"@id":"https:\/\/od-do.eu\/si\/#website"},"datePublished":"2023-05-17T10:32:04+00:00","dateModified":"2024-08-16T08:18:25+00:00","description":"Razi\u0161\u010dite karierne prilo\u017enosti pri podjetju od-do arhitektura. Pridru\u017eite se nampri sodelovanju na inovativnih arhitekturnih projektih.","breadcrumb":{"@id":"https:\/\/od-do.eu\/si\/careers\/#breadcrumb"},"inLanguage":"sl-SI","potentialAction":[{"@type":"ReadAction","target":["https:\/\/od-do.eu\/si\/careers\/"]}]},{"@type":"BreadcrumbList","@id":"https:\/\/od-do.eu\/si\/careers\/#breadcrumb","itemListElement":[{"@type":"ListItem","position":1,"name":"Home","item":"https:\/\/od-do.eu\/si\/"},{"@type":"ListItem","position":2,"name":"Zaposlitev"}]},{"@type":"WebSite","@id":"https:\/\/od-do.eu\/si\/#website","url":"https:\/\/od-do.eu\/si\/","name":"Od-do arhitektura SI","description":"Arhitekturni biro","potentialAction":[{"@type":"SearchAction","target":{"@type":"EntryPoint","urlTemplate":"https:\/\/od-do.eu\/si\/?s={search_term_string}"},"query-input":"required name=search_term_string"}],"inLanguage":"sl-SI"}]}},"_links":{"self":[{"href":"https:\/\/od-do.eu\/si\/wp-json\/wp\/v2\/pages\/73"}],"collection":[{"href":"https:\/\/od-do.eu\/si\/wp-json\/wp\/v2\/pages"}],"about":[{"href":"https:\/\/od-do.eu\/si\/wp-json\/wp\/v2\/types\/page"}],"author":[{"embeddable":true,"href":"https:\/\/od-do.eu\/si\/wp-json\/wp\/v2\/users\/1"}],"replies":[{"embeddable":true,"href":"https:\/\/od-do.eu\/si\/wp-json\/wp\/v2\/comments?post=73"}],"version-history":[{"count":4,"href":"https:\/\/od-do.eu\/si\/wp-json\/wp\/v2\/pages\/73\/revisions"}],"predecessor-version":[{"id":2225,"href":"https:\/\/od-do.eu\/si\/wp-json\/wp\/v2\/pages\/73\/revisions\/2225"}],"wp:attachment":[{"href":"https:\/\/od-do.eu\/si\/wp-json\/wp\/v2\/media?parent=73"}],"curies":[{"name":"wp","href":"https:\/\/api.w.org\/{rel}","templated":true}]}}